{"id":2,"date":"2026-03-11T07:38:33","date_gmt":"2026-03-11T07:38:33","guid":{"rendered":"https:\/\/juanurena.rkinformatika.online\/?page_id=2"},"modified":"2026-03-11T10:40:46","modified_gmt":"2026-03-11T10:40:46","slug":"inicio","status":"publish","type":"page","link":"https:\/\/juanurena.com\/eu\/","title":{"rendered":"Hasiera"},"content":{"rendered":"<div data-elementor-type=\"wp-page\" data-elementor-id=\"2\" class=\"elementor elementor-2\" data-elementor-post-type=\"page\">\n\t\t\t\t<div class=\"elementor-element elementor-element-355ade1 e-flex e-con-boxed e-con e-parent\" data-id=\"355ade1\" data-element_type=\"container\" data-e-type=\"container\" data-settings=\"{&quot;background_background&quot;:&quot;classic&quot;}\">\n\t\t\t\t\t<div class=\"e-con-inner\">\n\t\t<div class=\"elementor-element elementor-element-e6d4ff2 e-con-full e-flex e-con e-child\" data-id=\"e6d4ff2\" data-element_type=\"container\" data-e-type=\"container\">\n\t\t\t\t<div class=\"elementor-element elementor-element-9948049 elementor-invisible elementor-widget elementor-widget-heading\" data-id=\"9948049\" data-element_type=\"widget\" data-e-type=\"widget\" data-settings=\"{&quot;_animation&quot;:&quot;fadeInLeft&quot;}\" data-widget_type=\"heading.default\">\n\t\t\t\t\t<h2 class=\"elementor-heading-title elementor-size-default\"> Makina industrialen salmenta<\/h2>\t\t\t\t<\/div>\n\t\t\t\t<div class=\"elementor-element elementor-element-3b03238 elementor-invisible elementor-widget elementor-widget-heading\" data-id=\"3b03238\" data-element_type=\"widget\" data-e-type=\"widget\" data-settings=\"{&quot;_animation&quot;:&quot;fadeInRight&quot;}\" data-widget_type=\"heading.default\">\n\t\t\t\t\t<h2 class=\"elementor-heading-title elementor-size-default\">Metalaren sektoreko tolesteko makina eta zizaila <\/h2>\t\t\t\t<\/div>\n\t\t\t\t<\/div>\n\t\t\t\t\t<\/div>\n\t\t\t\t<\/div>\n\t\t<div class=\"elementor-element elementor-element-f389294 e-flex e-con-boxed elementor-invisible e-con e-parent\" data-id=\"f389294\" data-element_type=\"container\" data-e-type=\"container\" data-settings=\"{&quot;background_background&quot;:&quot;classic&quot;,&quot;animation&quot;:&quot;fadeInLeft&quot;}\">\n\t\t\t\t\t<div class=\"e-con-inner\">\n\t\t<div class=\"elementor-element elementor-element-075c95b e-con-full e-flex e-con e-child\" data-id=\"075c95b\" data-element_type=\"container\" data-e-type=\"container\">\n\t\t\t\t<div class=\"elementor-element elementor-element-3f219ca elementor-widget elementor-widget-spacer\" data-id=\"3f219ca\" data-element_type=\"widget\" data-e-type=\"widget\" data-widget_type=\"spacer.default\">\n\t\t\t\t\t\t\t<div class=\"elementor-spacer\">\n\t\t\t<div class=\"elementor-spacer-inner\"><\/div>\n\t\t<\/div>\n\t\t\t\t\t\t<\/div>\n\t\t\t\t<div class=\"elementor-element elementor-element-3f219ed elementor-widget elementor-widget-heading\" data-id=\"3f219ed\" data-element_type=\"widget\" data-e-type=\"widget\" data-widget_type=\"heading.default\">\n\t\t\t\t\t<h2 class=\"elementor-heading-title elementor-size-default\">Guri buruz<\/h2>\t\t\t\t<\/div>\n\t\t\t\t<div class=\"elementor-element elementor-element-9761792 elementor-widget elementor-widget-heading\" data-id=\"9761792\" data-element_type=\"widget\" data-e-type=\"widget\" data-widget_type=\"heading.default\">\n\t\t\t\t\t<h2 class=\"elementor-heading-title elementor-size-default\">Juan Ure\u00f1a Zaldibar<\/h2>\t\t\t\t<\/div>\n\t\t\t\t<div class=\"elementor-element elementor-element-6cb4ad8 elementor-widget elementor-widget-text-editor\" data-id=\"6cb4ad8\" data-element_type=\"widget\" data-e-type=\"widget\" data-widget_type=\"text-editor.default\">\n\t\t\t\t\t\t\t\t\t<p>25 urte baino gehiago daramatzat makineria industriala erosten eta saltzen, sektorean esperientzia handia metatzen eta hornitzaileekin eta bezeroekin harreman sendoak garatzen urteetan zehar.<\/p>\n<p>Hona hemen makina industrial horietako batzuk:<\/p>\t\t\t\t\t\t\t\t<\/div>\n\t\t\t\t<div class=\"elementor-element elementor-element-c611cc7 elementor-icon-list--layout-traditional elementor-list-item-link-full_width elementor-widget elementor-widget-icon-list\" data-id=\"c611cc7\" data-element_type=\"widget\" data-e-type=\"widget\" data-widget_type=\"icon-list.default\">\n\t\t\t\t\t\t\t<ul class=\"elementor-icon-list-items\">\n\t\t\t\t\t\t\t<li class=\"elementor-icon-list-item\">\n\t\t\t\t\t\t\t\t\t\t\t<span class=\"elementor-icon-list-icon\">\n\t\t\t\t\t\t\t<svg aria-hidden=\"true\" class=\"e-font-icon-svg e-fas-industry\" viewbox=\"0 0 512 512\" xmlns=\"http:\/\/www.w3.org\/2000\/svg\"><path d=\"M475.115 163.781L336 252.309v-68.28c0-18.916-20.931-30.399-36.885-20.248L160 252.309V56c0-13.255-10.745-24-24-24H24C10.745 32 0 42.745 0 56v400c0 13.255 10.745 24 24 24h464c13.255 0 24-10.745 24-24V184.029c0-18.917-20.931-30.399-36.885-20.248z\"><\/path><\/svg>\t\t\t\t\t\t<\/span>\n\t\t\t\t\t\t\t\t\t\t<span class=\"elementor-icon-list-text\">Marruskadura bidezko ebaketa-zizailak<\/span>\n\t\t\t\t\t\t\t\t\t<\/li>\n\t\t\t\t\t\t\t\t<li class=\"elementor-icon-list-item\">\n\t\t\t\t\t\t\t\t\t\t\t<span class=\"elementor-icon-list-icon\">\n\t\t\t\t\t\t\t<svg aria-hidden=\"true\" class=\"e-font-icon-svg e-fas-industry\" viewbox=\"0 0 512 512\" xmlns=\"http:\/\/www.w3.org\/2000\/svg\"><path d=\"M475.115 163.781L336 252.309v-68.28c0-18.916-20.931-30.399-36.885-20.248L160 252.309V56c0-13.255-10.745-24-24-24H24C10.745 32 0 42.745 0 56v400c0 13.255 10.745 24 24 24h464c13.255 0 24-10.745 24-24V184.029c0-18.917-20.931-30.399-36.885-20.248z\"><\/path><\/svg>\t\t\t\t\t\t<\/span>\n\t\t\t\t\t\t\t\t\t\t<span class=\"elementor-icon-list-text\">Metala ebakitzeko laserrak<\/span>\n\t\t\t\t\t\t\t\t\t<\/li>\n\t\t\t\t\t\t\t\t<li class=\"elementor-icon-list-item\">\n\t\t\t\t\t\t\t\t\t\t\t<span class=\"elementor-icon-list-icon\">\n\t\t\t\t\t\t\t<svg aria-hidden=\"true\" class=\"e-font-icon-svg e-fas-industry\" viewbox=\"0 0 512 512\" xmlns=\"http:\/\/www.w3.org\/2000\/svg\"><path d=\"M475.115 163.781L336 252.309v-68.28c0-18.916-20.931-30.399-36.885-20.248L160 252.309V56c0-13.255-10.745-24-24-24H24C10.745 32 0 42.745 0 56v400c0 13.255 10.745 24 24 24h464c13.255 0 24-10.745 24-24V184.029c0-18.917-20.931-30.399-36.885-20.248z\"><\/path><\/svg>\t\t\t\t\t\t<\/span>\n\t\t\t\t\t\t\t\t\t\t<span class=\"elementor-icon-list-text\">Metal astunerako zizailak<\/span>\n\t\t\t\t\t\t\t\t\t<\/li>\n\t\t\t\t\t\t\t\t<li class=\"elementor-icon-list-item\">\n\t\t\t\t\t\t\t\t\t\t\t<span class=\"elementor-icon-list-icon\">\n\t\t\t\t\t\t\t<svg aria-hidden=\"true\" class=\"e-font-icon-svg e-fas-industry\" viewbox=\"0 0 512 512\" xmlns=\"http:\/\/www.w3.org\/2000\/svg\"><path d=\"M475.115 163.781L336 252.309v-68.28c0-18.916-20.931-30.399-36.885-20.248L160 252.309V56c0-13.255-10.745-24-24-24H24C10.745 32 0 42.745 0 56v400c0 13.255 10.745 24 24 24h464c13.255 0 24-10.745 24-24V184.029c0-18.917-20.931-30.399-36.885-20.248z\"><\/path><\/svg>\t\t\t\t\t\t<\/span>\n\t\t\t\t\t\t\t\t\t\t<span class=\"elementor-icon-list-text\">Hodiak kurbatzeko makinak<\/span>\n\t\t\t\t\t\t\t\t\t<\/li>\n\t\t\t\t\t\t\t\t<li class=\"elementor-icon-list-item\">\n\t\t\t\t\t\t\t\t\t\t\t<span class=\"elementor-icon-list-icon\">\n\t\t\t\t\t\t\t<svg aria-hidden=\"true\" class=\"e-font-icon-svg e-fas-industry\" viewbox=\"0 0 512 512\" xmlns=\"http:\/\/www.w3.org\/2000\/svg\"><path d=\"M475.115 163.781L336 252.309v-68.28c0-18.916-20.931-30.399-36.885-20.248L160 252.309V56c0-13.255-10.745-24-24-24H24C10.745 32 0 42.745 0 56v400c0 13.255 10.745 24 24 24h464c13.255 0 24-10.745 24-24V184.029c0-18.917-20.931-30.399-36.885-20.248z\"><\/path><\/svg>\t\t\t\t\t\t<\/span>\n\t\t\t\t\t\t\t\t\t\t<span class=\"elementor-icon-list-text\">Ijezteko makinak<\/span>\n\t\t\t\t\t\t\t\t\t<\/li>\n\t\t\t\t\t\t<\/ul>\n\t\t\t\t\t\t<\/div>\n\t\t\t\t<\/div>\n\t\t<div class=\"elementor-element elementor-element-a074521 e-con-full e-flex e-con e-child\" data-id=\"a074521\" data-element_type=\"container\" data-e-type=\"container\">\n\t\t\t\t<div class=\"elementor-element elementor-element-b5b9b9a elementor-widget elementor-widget-image\" data-id=\"b5b9b9a\" data-element_type=\"widget\" data-e-type=\"widget\" data-widget_type=\"image.default\">\n\t\t\t\t\t\t\t\t\t\t\t\t\t\t\t<img fetchpriority=\"high\" decoding=\"async\" width=\"768\" height=\"576\" src=\"https:\/\/juanurena.com\/wp-content\/uploads\/2026\/03\/636-768x576.jpg\" class=\"elementor-animation-shrink attachment-medium_large size-medium_large wp-image-155\" alt=\"\" srcset=\"https:\/\/juanurena.com\/wp-content\/uploads\/2026\/03\/636-768x576.jpg 768w, https:\/\/juanurena.com\/wp-content\/uploads\/2026\/03\/636-300x225.jpg 300w, https:\/\/juanurena.com\/wp-content\/uploads\/2026\/03\/636-1024x768.jpg 1024w, https:\/\/juanurena.com\/wp-content\/uploads\/2026\/03\/636-16x12.jpg 16w, https:\/\/juanurena.com\/wp-content\/uploads\/2026\/03\/636.jpg 1500w\" sizes=\"(max-width: 768px) 100vw, 768px\" \/>\t\t\t\t\t\t\t\t\t\t\t\t\t\t\t<\/div>\n\t\t\t\t<div class=\"elementor-element elementor-element-28307a7 elementor-widget elementor-widget-image\" data-id=\"28307a7\" data-element_type=\"widget\" data-e-type=\"widget\" data-widget_type=\"image.default\">\n\t\t\t\t\t\t\t\t\t\t\t\t\t\t\t<img decoding=\"async\" width=\"768\" height=\"576\" src=\"https:\/\/juanurena.com\/wp-content\/uploads\/2026\/03\/208-768x576.jpg\" class=\"elementor-animation-shrink attachment-medium_large size-medium_large wp-image-154\" alt=\"\" srcset=\"https:\/\/juanurena.com\/wp-content\/uploads\/2026\/03\/208-768x576.jpg 768w, https:\/\/juanurena.com\/wp-content\/uploads\/2026\/03\/208-300x225.jpg 300w, https:\/\/juanurena.com\/wp-content\/uploads\/2026\/03\/208-1024x768.jpg 1024w, https:\/\/juanurena.com\/wp-content\/uploads\/2026\/03\/208-16x12.jpg 16w, https:\/\/juanurena.com\/wp-content\/uploads\/2026\/03\/208.jpg 1500w\" sizes=\"(max-width: 768px) 100vw, 768px\" \/>\t\t\t\t\t\t\t\t\t\t\t\t\t\t\t<\/div>\n\t\t\t\t<\/div>\n\t\t\t\t\t<\/div>\n\t\t\t\t<\/div>\n\t\t<div class=\"elementor-element elementor-element-e90c405 e-flex e-con-boxed e-con e-parent\" data-id=\"e90c405\" data-element_type=\"container\" data-e-type=\"container\" data-settings=\"{&quot;background_background&quot;:&quot;classic&quot;}\">\n\t\t\t\t\t<div class=\"e-con-inner\">\n\t\t\t\t<div class=\"elementor-element elementor-element-2501dc3 elementor-invisible elementor-widget elementor-widget-heading\" data-id=\"2501dc3\" data-element_type=\"widget\" data-e-type=\"widget\" data-settings=\"{&quot;_animation&quot;:&quot;fadeInRight&quot;}\" data-widget_type=\"heading.default\">\n\t\t\t\t\t<h2 class=\"elementor-heading-title elementor-size-default\">Potentzia eta zehaztasuna ebaki bakoitzean, berrikuntza tolestura bakoitzean!<\/h2>\t\t\t\t<\/div>\n\t\t\t\t<div class=\"elementor-element elementor-element-6252e15 elementor-tablet-align-center elementor-invisible elementor-widget elementor-widget-button\" data-id=\"6252e15\" data-element_type=\"widget\" data-e-type=\"widget\" data-settings=\"{&quot;_animation&quot;:&quot;fadeInLeft&quot;}\" data-widget_type=\"button.default\">\n\t\t\t\t\t\t\t\t\t\t<a class=\"elementor-button elementor-button-link elementor-size-sm elementor-animation-pop\" href=\"\/eu\/servicios\/\">\n\t\t\t\t\t\t<span class=\"elementor-button-content-wrapper\">\n\t\t\t\t\t\t\t\t\t<span class=\"elementor-button-text\">Zerbitzuak<\/span>\n\t\t\t\t\t<\/span>\n\t\t\t\t\t<\/a>\n\t\t\t\t\t\t\t\t<\/div>\n\t\t\t\t\t<\/div>\n\t\t\t\t<\/div>\n\t\t<div class=\"elementor-element elementor-element-5deb23d e-flex e-con-boxed elementor-invisible e-con e-parent\" data-id=\"5deb23d\" data-element_type=\"container\" data-e-type=\"container\" data-settings=\"{&quot;animation&quot;:&quot;fadeInLeft&quot;}\">\n\t\t\t\t\t<div class=\"e-con-inner\">\n\t\t<div class=\"elementor-element elementor-element-126f2a4 e-con-full e-flex e-con e-child\" data-id=\"126f2a4\" data-element_type=\"container\" data-e-type=\"container\">\n\t\t\t\t<div class=\"elementor-element elementor-element-b35f49c elementor-widget elementor-widget-heading\" data-id=\"b35f49c\" data-element_type=\"widget\" data-e-type=\"widget\" data-widget_type=\"heading.default\">\n\t\t\t\t\t<h2 class=\"elementor-heading-title elementor-size-default\">Gure Industria Makinak<\/h2>\t\t\t\t<\/div>\n\t\t\t\t<div class=\"elementor-element elementor-element-f1e8c80 elementor-widget elementor-widget-heading\" data-id=\"f1e8c80\" data-element_type=\"widget\" data-e-type=\"widget\" data-widget_type=\"heading.default\">\n\t\t\t\t\t<h2 class=\"elementor-heading-title elementor-size-default\">Ezagutu gure barietatea<\/h2>\t\t\t\t<\/div>\n\t\t\t\t<\/div>\n\t\t\t\t\t<\/div>\n\t\t\t\t<\/div>\n\t\t<div class=\"elementor-element elementor-element-2a0ca9c e-flex e-con-boxed e-con e-parent\" data-id=\"2a0ca9c\" data-element_type=\"container\" data-e-type=\"container\" data-settings=\"{&quot;shape_divider_bottom&quot;:&quot;drops&quot;}\">\n\t\t\t\t\t<div class=\"e-con-inner\">\n\t\t\t\t<div class=\"elementor-shape elementor-shape-bottom\" aria-hidden=\"true\" data-negative=\"false\">\n\t\t\t<svg xmlns=\"http:\/\/www.w3.org\/2000\/svg\" height=\"100%\" viewbox=\"0 0 283.5 27.8\" preserveaspectratio=\"xMidYMax slice\">\n\t<path class=\"elementor-shape-fill\" d=\"M0 0v1.4c.6.7 1.1 1.4 1.4 2 2 3.8 2.2 6.6 1.8 10.8-.3 3.3-2.4 9.4 0 12.3 1.7 2 3.7 1.4 4.6-.9 1.4-3.8-.7-8.2-.6-12 .1-3.7 3.2-5.5 6.9-4.9 4 .6 4.8 4 4.9 7.4.1 1.8-1.1 7 0 8.5.6.8 1.6 1.2 2.4.5 1.4-1.1.1-5.4.1-6.9.1-3.7.3-8.6 4.1-10.5 5-2.5 6.2 1.6 5.4 5.6-.4 1.7-1 9.2 2.9 6.3 1.5-1.1.7-3.5.5-4.9-.4-2.4-.4-4.3 1-6.5.9-1.4 2.4-3.1 4.2-3 2.4.1 2.7 2.2 4 3.7 1.5 1.8 1.8 2.2 3 .1 1.1-1.9 1.2-2.8 3.6-3.3 1.3-.3 4.8-1.4 5.9-.5 1.5 1.1.6 2.8.4 4.3-.2 1.1-.6 4 1.8 3.4 1.7-.4-.3-4.1.6-5.6 1.3-2.2 5.8-1.4 7 .5 1.3 2.1.5 5.8.1 8.1s-1.2 5-.6 7.4c1.3 5.1 4.4.9 4.3-2.4-.1-4.4-2-8.8-.5-13 .9-2.4 4.6-6.6 7.7-4.5 2.7 1.8.5 7.8.2 10.3-.2 1.7-.8 4.6.2 6.2.9 1.4 2 1.5 2.6-.3.5-1.5-.9-4.5-1-6.1-.2-1.7-.4-3.7.2-5.4 1.8-5.6 3.5 2.4 6.3.6 1.4-.9 4.3-9.4 6.1-3.1.6 2.2-1.3 7.8.7 8.9 4.2 2.3 1.5-7.1 2.2-8 3.1-4 4.7 3.8 6.1 4.1 3.1.7 2.8-7.9 8.1-4.5 1.7 1.1 2.9 3.3 3.2 5.2.4 2.2-1 4.5-.6 6.6 1 4.3 4.4 1.5 4.4-1.7 0-2.7-3-8.3 1.4-9.1 4.4-.9 7.3 3.5 7.8 6.9.3 2-1.5 10.9 1.3 11.3 4.1.6-3.2-15.7 4.8-15.8 4.7-.1 2.8 4.1 3.9 6.6 1 2.4 2.1 1 2.3-.8.3-1.9-.9-3.2 1.3-4.3 5.9-2.9 5.9 5.4 5.5 8.5-.3 2-1.7 8.4 2 8.1 6.9-.5-2.8-16.9 4.8-18.7 4.7-1.2 6.1 3.6 6.3 7.1.1 1.7-1.2 8.1.6 9.1 3.5 2 1.9-7 2-8.4.2-4 1.2-9.6 6.4-9.8 4.7-.2 3.2 4.6 2.7 7.5-.4 2.2 1.3 8.6 3.8 4.4 1.1-1.9-.3-4.1-.3-6 0-1.7.4-3.2 1.3-4.6 1-1.6 2.9-3.5 5.1-2.9 2.5.6 2.3 4.1 4.1 4.9 1.9.8 1.6-.9 2.3-2.1 1.2-2.1 2.1-2.1 4.4-2.4 1.4-.2 3.6-1.5 4.9-.5 2.3 1.7-.7 4.4.1 6.5.6 1.5 2.1 1.7 2.8.3.7-1.4-1.1-3.4-.3-4.8 1.4-2.5 6.2-1.2 7.2 1 2.3 4.8-3.3 12-.2 16.3 3 4.1 3.9-2.8 3.8-4.8-.4-4.3-2.1-8.9 0-13.1 1.3-2.5 5.9-5.7 7.9-2.4 2 3.2-1.3 9.8-.8 13.4.5 4.4 3.5 3.3 2.7-.8-.4-1.9-2.4-10 .6-11.1 3.7-1.4 2.8 7.2 6.5.4 2.2-4.1 4.9-3.1 5.2 1.2.1 1.5-.6 3.1-.4 4.6.2 1.9 1.8 3.7 3.3 1.3 1-1.6-2.6-10.4 2.9-7.3 2.6 1.5 1.6 6.5 4.8 2.7 1.3-1.5 1.7-3.6 4-3.7 2.2-.1 4 2.3 4.8 4.1 1.3 2.9-1.5 8.4.9 10.3 4.2 3.3 3-5.5 2.7-6.9-.6-3.9 1-7.2 5.5-5 4.1 2.1 4.3 7.7 4.1 11.6 0 .8-.6 9.5 2.5 5.2 1.2-1.7-.1-7.7.1-9.6.3-2.9 1.2-5.5 4.3-6.2 4.5-1 7.7 1.5 7.4 5.8-.2 3.5-1.8 7.7-.5 11.1 1 2.7 3.6 2.8 5 .2 1.6-3.1 0-8.3-.4-11.6-.4-4.2-.2-7 1.8-10.8 0 0-.1.1-.1.2-.2.4-.3.7-.4.8v.1c-.1.2-.1.2 0 0v-.1l.4-.8c0-.1.1-.1.1-.2.2-.4.5-.8.8-1.2V0H0zM282.7 3.4z\"\/>\n<\/svg>\t\t<\/div>\n\t\t<div class=\"elementor-element elementor-element-b6bf853 e-con-full e-flex e-con e-child\" data-id=\"b6bf853\" data-element_type=\"container\" data-e-type=\"container\">\n\t\t\t\t<div class=\"elementor-element elementor-element-37e7c55 elementor-widget elementor-widget-image\" data-id=\"37e7c55\" data-element_type=\"widget\" data-e-type=\"widget\" data-widget_type=\"image.default\">\n\t\t\t\t\t\t\t\t\t\t\t\t\t\t\t<img decoding=\"async\" width=\"1000\" height=\"667\" src=\"https:\/\/juanurena.com\/wp-content\/uploads\/2026\/03\/1032.jpg\" class=\"elementor-animation-shrink attachment-full size-full wp-image-222\" alt=\"\" srcset=\"https:\/\/juanurena.com\/wp-content\/uploads\/2026\/03\/1032.jpg 1000w, https:\/\/juanurena.com\/wp-content\/uploads\/2026\/03\/1032-300x200.jpg 300w, https:\/\/juanurena.com\/wp-content\/uploads\/2026\/03\/1032-768x512.jpg 768w, https:\/\/juanurena.com\/wp-content\/uploads\/2026\/03\/1032-18x12.jpg 18w\" sizes=\"(max-width: 1000px) 100vw, 1000px\" \/>\t\t\t\t\t\t\t\t\t\t\t\t\t\t\t<\/div>\n\t\t\t\t<\/div>\n\t\t<div class=\"elementor-element elementor-element-adbdef6 e-con-full e-flex e-con e-child\" data-id=\"adbdef6\" data-element_type=\"container\" data-e-type=\"container\">\n\t\t\t\t<div class=\"elementor-element elementor-element-8912381 elementor-widget elementor-widget-image\" data-id=\"8912381\" data-element_type=\"widget\" data-e-type=\"widget\" data-widget_type=\"image.default\">\n\t\t\t\t\t\t\t\t\t\t\t\t\t\t\t<img loading=\"lazy\" decoding=\"async\" width=\"1000\" height=\"667\" src=\"https:\/\/juanurena.com\/wp-content\/uploads\/2026\/03\/44866.jpg\" class=\"elementor-animation-shrink attachment-full size-full wp-image-224\" alt=\"\" srcset=\"https:\/\/juanurena.com\/wp-content\/uploads\/2026\/03\/44866.jpg 1000w, https:\/\/juanurena.com\/wp-content\/uploads\/2026\/03\/44866-300x200.jpg 300w, https:\/\/juanurena.com\/wp-content\/uploads\/2026\/03\/44866-768x512.jpg 768w, https:\/\/juanurena.com\/wp-content\/uploads\/2026\/03\/44866-18x12.jpg 18w\" sizes=\"(max-width: 1000px) 100vw, 1000px\" \/>\t\t\t\t\t\t\t\t\t\t\t\t\t\t\t<\/div>\n\t\t\t\t<\/div>\n\t\t<div class=\"elementor-element elementor-element-66ba05c e-con-full e-flex e-con e-child\" data-id=\"66ba05c\" data-element_type=\"container\" data-e-type=\"container\">\n\t\t\t\t<div class=\"elementor-element elementor-element-008b44d elementor-widget elementor-widget-image\" data-id=\"008b44d\" data-element_type=\"widget\" data-e-type=\"widget\" data-widget_type=\"image.default\">\n\t\t\t\t\t\t\t\t\t\t\t\t\t\t\t<img loading=\"lazy\" decoding=\"async\" width=\"1000\" height=\"667\" src=\"https:\/\/juanurena.com\/wp-content\/uploads\/2026\/03\/2149344009.jpg\" class=\"elementor-animation-shrink attachment-full size-full wp-image-223\" alt=\"\" srcset=\"https:\/\/juanurena.com\/wp-content\/uploads\/2026\/03\/2149344009.jpg 1000w, https:\/\/juanurena.com\/wp-content\/uploads\/2026\/03\/2149344009-300x200.jpg 300w, https:\/\/juanurena.com\/wp-content\/uploads\/2026\/03\/2149344009-768x512.jpg 768w, https:\/\/juanurena.com\/wp-content\/uploads\/2026\/03\/2149344009-18x12.jpg 18w\" sizes=\"(max-width: 1000px) 100vw, 1000px\" \/>\t\t\t\t\t\t\t\t\t\t\t\t\t\t\t<\/div>\n\t\t\t\t<\/div>\n\t\t\t\t\t<\/div>\n\t\t\t\t<\/div>\n\t\t\t\t<\/div>","protected":false},"excerpt":{"rendered":"<p>Venta maquinaria industrial Plegadora y cizalla del sector metal Sobre Nosotros Juan Ure\u00f1a Zaldibar Llevo m\u00e1s de 25 a\u00f1os dedic\u00e1ndome a la compra y venta de maquinaria industrial, acumulando una vasta experiencia en el sector y desarrollando relaciones s\u00f3lidas con proveedores y clientes a lo largo de los a\u00f1os. Algunas de estas maquinarias industriales son: [&hellip;]<\/p>\n","protected":false},"author":1,"featured_media":0,"parent":0,"menu_order":0,"comment_status":"closed","ping_status":"closed","template":"elementor_canvas","meta":{"footnotes":""},"class_list":["post-2","page","type-page","status-publish","hentry"],"yoast_head":"<!-- This site is optimized with the Yoast SEO plugin v27.5 - https:\/\/yoast.com\/product\/yoast-seo-wordpress\/ -->\n<title>Inicio - Juan Ure\u00f1a Zaldibar<\/title>\n<meta name=\"robots\" content=\"index, follow, max-snippet:-1, max-image-preview:large, max-video-preview:-1\" \/>\n<link rel=\"canonical\" href=\"https:\/\/juanurena.com\/eu\/\" \/>\n<meta property=\"og:locale\" content=\"en_US\" \/>\n<meta property=\"og:type\" content=\"article\" \/>\n<meta property=\"og:title\" content=\"Inicio - Juan Ure\u00f1a Zaldibar\" \/>\n<meta property=\"og:description\" content=\"Venta maquinaria industrial Plegadora y cizalla del sector metal Sobre Nosotros Juan Ure\u00f1a Zaldibar Llevo m\u00e1s de 25 a\u00f1os dedic\u00e1ndome a la compra y venta de maquinaria industrial, acumulando una vasta experiencia en el sector y desarrollando relaciones s\u00f3lidas con proveedores y clientes a lo largo de los a\u00f1os. Algunas de estas maquinarias industriales son: [&hellip;]\" \/>\n<meta property=\"og:url\" content=\"https:\/\/juanurena.com\/eu\/\" \/>\n<meta property=\"og:site_name\" content=\"Juan Ure\u00f1a Zaldibar\" \/>\n<meta property=\"article:modified_time\" content=\"2026-03-11T10:40:46+00:00\" \/>\n<meta property=\"og:image\" content=\"https:\/\/juanurena.com\/wp-content\/uploads\/2026\/03\/636-768x576.jpg\" \/>\n<meta name=\"twitter:card\" content=\"summary_large_image\" \/>\n<meta name=\"twitter:label1\" content=\"Est. reading time\" \/>\n\t<meta name=\"twitter:data1\" content=\"1 minutua\" \/>\n<script type=\"application\/ld+json\" class=\"yoast-schema-graph\">{\"@context\":\"https:\\\/\\\/schema.org\",\"@graph\":[{\"@type\":\"WebPage\",\"@id\":\"https:\\\/\\\/juanurena.com\\\/\",\"url\":\"https:\\\/\\\/juanurena.com\\\/\",\"name\":\"Inicio - Juan Ure\u00f1a Zaldibar\",\"isPartOf\":{\"@id\":\"https:\\\/\\\/juanurena.com\\\/#website\"},\"primaryImageOfPage\":{\"@id\":\"https:\\\/\\\/juanurena.com\\\/#primaryimage\"},\"image\":{\"@id\":\"https:\\\/\\\/juanurena.com\\\/#primaryimage\"},\"thumbnailUrl\":\"https:\\\/\\\/juanurena.com\\\/wp-content\\\/uploads\\\/2026\\\/03\\\/636-768x576.jpg\",\"datePublished\":\"2026-03-11T07:38:33+00:00\",\"dateModified\":\"2026-03-11T10:40:46+00:00\",\"breadcrumb\":{\"@id\":\"https:\\\/\\\/juanurena.com\\\/#breadcrumb\"},\"inLanguage\":\"eu\",\"potentialAction\":[{\"@type\":\"ReadAction\",\"target\":[\"https:\\\/\\\/juanurena.com\\\/\"]}]},{\"@type\":\"ImageObject\",\"inLanguage\":\"eu\",\"@id\":\"https:\\\/\\\/juanurena.com\\\/#primaryimage\",\"url\":\"https:\\\/\\\/juanurena.com\\\/wp-content\\\/uploads\\\/2026\\\/03\\\/636-768x576.jpg\",\"contentUrl\":\"https:\\\/\\\/juanurena.com\\\/wp-content\\\/uploads\\\/2026\\\/03\\\/636-768x576.jpg\"},{\"@type\":\"BreadcrumbList\",\"@id\":\"https:\\\/\\\/juanurena.com\\\/#breadcrumb\",\"itemListElement\":[{\"@type\":\"ListItem\",\"position\":1,\"name\":\"Portada\",\"item\":\"https:\\\/\\\/juanurena.com\\\/\"},{\"@type\":\"ListItem\",\"position\":2,\"name\":\"Inicio\"}]},{\"@type\":\"WebSite\",\"@id\":\"https:\\\/\\\/juanurena.com\\\/#website\",\"url\":\"https:\\\/\\\/juanurena.com\\\/\",\"name\":\"Juan Ure\u00f1a Zaldibar\",\"description\":\"Juan Ure\u00f1a Zaldibar\",\"publisher\":{\"@id\":\"https:\\\/\\\/juanurena.com\\\/#organization\"},\"potentialAction\":[{\"@type\":\"SearchAction\",\"target\":{\"@type\":\"EntryPoint\",\"urlTemplate\":\"https:\\\/\\\/juanurena.com\\\/?s={search_term_string}\"},\"query-input\":{\"@type\":\"PropertyValueSpecification\",\"valueRequired\":true,\"valueName\":\"search_term_string\"}}],\"inLanguage\":\"eu\"},{\"@type\":\"Organization\",\"@id\":\"https:\\\/\\\/juanurena.com\\\/#organization\",\"name\":\"Juan Ure\u00f1a Zaldibar\",\"url\":\"https:\\\/\\\/juanurena.com\\\/\",\"logo\":{\"@type\":\"ImageObject\",\"inLanguage\":\"eu\",\"@id\":\"https:\\\/\\\/juanurena.com\\\/#\\\/schema\\\/logo\\\/image\\\/\",\"url\":\"https:\\\/\\\/juanurena.com\\\/wp-content\\\/uploads\\\/2026\\\/03\\\/logo_web-scaled.png\",\"contentUrl\":\"https:\\\/\\\/juanurena.com\\\/wp-content\\\/uploads\\\/2026\\\/03\\\/logo_web-scaled.png\",\"width\":2560,\"height\":1790,\"caption\":\"Juan Ure\u00f1a Zaldibar\"},\"image\":{\"@id\":\"https:\\\/\\\/juanurena.com\\\/#\\\/schema\\\/logo\\\/image\\\/\"}}]}<\/script>\n<!-- \/ Yoast SEO plugin. -->","yoast_head_json":{"title":"Inicio - Juan Ure\u00f1a Zaldibar","robots":{"index":"index","follow":"follow","max-snippet":"max-snippet:-1","max-image-preview":"max-image-preview:large","max-video-preview":"max-video-preview:-1"},"canonical":"https:\/\/juanurena.com\/eu\/","og_locale":"en_US","og_type":"article","og_title":"Inicio - Juan Ure\u00f1a Zaldibar","og_description":"Venta maquinaria industrial Plegadora y cizalla del sector metal Sobre Nosotros Juan Ure\u00f1a Zaldibar Llevo m\u00e1s de 25 a\u00f1os dedic\u00e1ndome a la compra y venta de maquinaria industrial, acumulando una vasta experiencia en el sector y desarrollando relaciones s\u00f3lidas con proveedores y clientes a lo largo de los a\u00f1os. Algunas de estas maquinarias industriales son: [&hellip;]","og_url":"https:\/\/juanurena.com\/eu\/","og_site_name":"Juan Ure\u00f1a Zaldibar","article_modified_time":"2026-03-11T10:40:46+00:00","og_image":[{"url":"https:\/\/juanurena.com\/wp-content\/uploads\/2026\/03\/636-768x576.jpg","type":"","width":"","height":""}],"twitter_card":"summary_large_image","twitter_misc":{"Est. reading time":"1 minutua"},"schema":{"@context":"https:\/\/schema.org","@graph":[{"@type":"WebPage","@id":"https:\/\/juanurena.com\/","url":"https:\/\/juanurena.com\/","name":"Inicio - Juan Ure\u00f1a Zaldibar","isPartOf":{"@id":"https:\/\/juanurena.com\/#website"},"primaryImageOfPage":{"@id":"https:\/\/juanurena.com\/#primaryimage"},"image":{"@id":"https:\/\/juanurena.com\/#primaryimage"},"thumbnailUrl":"https:\/\/juanurena.com\/wp-content\/uploads\/2026\/03\/636-768x576.jpg","datePublished":"2026-03-11T07:38:33+00:00","dateModified":"2026-03-11T10:40:46+00:00","breadcrumb":{"@id":"https:\/\/juanurena.com\/#breadcrumb"},"inLanguage":"eu","potentialAction":[{"@type":"ReadAction","target":["https:\/\/juanurena.com\/"]}]},{"@type":"ImageObject","inLanguage":"eu","@id":"https:\/\/juanurena.com\/#primaryimage","url":"https:\/\/juanurena.com\/wp-content\/uploads\/2026\/03\/636-768x576.jpg","contentUrl":"https:\/\/juanurena.com\/wp-content\/uploads\/2026\/03\/636-768x576.jpg"},{"@type":"BreadcrumbList","@id":"https:\/\/juanurena.com\/#breadcrumb","itemListElement":[{"@type":"ListItem","position":1,"name":"Portada","item":"https:\/\/juanurena.com\/"},{"@type":"ListItem","position":2,"name":"Inicio"}]},{"@type":"WebSite","@id":"https:\/\/juanurena.com\/#website","url":"https:\/\/juanurena.com\/","name":"Juan Ure\u00f1a Zaldibar","description":"Juan Ure\u00f1a Zaldibar","publisher":{"@id":"https:\/\/juanurena.com\/#organization"},"potentialAction":[{"@type":"SearchAction","target":{"@type":"EntryPoint","urlTemplate":"https:\/\/juanurena.com\/?s={search_term_string}"},"query-input":{"@type":"PropertyValueSpecification","valueRequired":true,"valueName":"search_term_string"}}],"inLanguage":"eu"},{"@type":"Organization","@id":"https:\/\/juanurena.com\/#organization","name":"Juan Ure\u00f1a Zaldibar","url":"https:\/\/juanurena.com\/","logo":{"@type":"ImageObject","inLanguage":"eu","@id":"https:\/\/juanurena.com\/#\/schema\/logo\/image\/","url":"https:\/\/juanurena.com\/wp-content\/uploads\/2026\/03\/logo_web-scaled.png","contentUrl":"https:\/\/juanurena.com\/wp-content\/uploads\/2026\/03\/logo_web-scaled.png","width":2560,"height":1790,"caption":"Juan Ure\u00f1a Zaldibar"},"image":{"@id":"https:\/\/juanurena.com\/#\/schema\/logo\/image\/"}}]}},"_links":{"self":[{"href":"https:\/\/juanurena.com\/eu\/wp-json\/wp\/v2\/pages\/2","targetHints":{"allow":["GET"]}}],"collection":[{"href":"https:\/\/juanurena.com\/eu\/wp-json\/wp\/v2\/pages"}],"about":[{"href":"https:\/\/juanurena.com\/eu\/wp-json\/wp\/v2\/types\/page"}],"author":[{"embeddable":true,"href":"https:\/\/juanurena.com\/eu\/wp-json\/wp\/v2\/users\/1"}],"replies":[{"embeddable":true,"href":"https:\/\/juanurena.com\/eu\/wp-json\/wp\/v2\/comments?post=2"}],"version-history":[{"count":97,"href":"https:\/\/juanurena.com\/eu\/wp-json\/wp\/v2\/pages\/2\/revisions"}],"predecessor-version":[{"id":327,"href":"https:\/\/juanurena.com\/eu\/wp-json\/wp\/v2\/pages\/2\/revisions\/327"}],"wp:attachment":[{"href":"https:\/\/juanurena.com\/eu\/wp-json\/wp\/v2\/media?parent=2"}],"curies":[{"name":"wp","href":"https:\/\/api.w.org\/{rel}","templated":true}]}}